{"id":3,"date":"2025-05-21T15:23:33","date_gmt":"2025-05-21T15:23:33","guid":{"rendered":"https:\/\/nonlledeasmaisvoltas.gal\/?page_id=3"},"modified":"2025-05-30T15:14:46","modified_gmt":"2025-05-30T13:14:46","slug":"cookies","status":"publish","type":"page","link":"https:\/\/www.nonlledeasmaisvoltas.gal\/es\/cookies\/","title":{"rendered":"Cookies"},"content":{"rendered":"<div data-elementor-type=\"wp-page\" data-elementor-id=\"3\" class=\"elementor elementor-3\" data-elementor-post-type=\"page\">\n\t\t\t\t<div data-particle_enable=\"false\" data-particle-mobile-disabled=\"false\" class=\"elementor-element elementor-element-1c984d2 e-flex e-con-boxed e-con e-parent\" data-id=\"1c984d2\" data-element_type=\"container\" data-settings=\"{&quot;background_background&quot;:&quot;classic&quot;}\">\n\t\t\t\t\t<div class=\"e-con-inner\">\n\t\t\t\t<div class=\"elementor-element elementor-element-c0b84b9 elementor-widget__width-initial elementor-widget elementor-widget-image\" data-id=\"c0b84b9\" data-element_type=\"widget\" data-widget_type=\"image.default\">\n\t\t\t\t<div class=\"elementor-widget-container\">\n\t\t\t\t\t\t\t\t\t\t\t\t\t\t\t<img decoding=\"async\" width=\"397\" height=\"58\" src=\"https:\/\/www.nonlledeasmaisvoltas.gal\/wp-content\/uploads\/2025\/05\/monterrei-logo_Mesa-de-trabajo-1.svg\" class=\"attachment-large size-large wp-image-67\" alt=\"\" \/>\t\t\t\t\t\t\t\t\t\t\t\t\t\t\t<\/div>\n\t\t\t\t<\/div>\n\t\t\t\t\t<\/div>\n\t\t\t\t<\/div>\n\t\t<div data-particle_enable=\"false\" data-particle-mobile-disabled=\"false\" class=\"elementor-element elementor-element-1ff5605e e-flex e-con-boxed e-con e-parent\" data-id=\"1ff5605e\" data-element_type=\"container\">\n\t\t\t\t\t<div class=\"e-con-inner\">\n\t\t\t\t<div class=\"elementor-element elementor-element-2f0e5ab1 elementor-widget elementor-widget-text-editor\" data-id=\"2f0e5ab1\" data-element_type=\"widget\" data-widget_type=\"text-editor.default\">\n\t\t\t\t<div class=\"elementor-widget-container\">\n\t\t\t\t\t\t\t\t\t<p><\/p>\n<p>\u00a0<\/p>\n<h1 class=\"wp-block-heading\"><b>Pol\u00edtica de Cookies<\/b><\/h1>\n<p>\u00a0<\/p>\n<h3><b>\u00bfQu\u00e9 son las cookies?<\/b><\/h3>\n<p>Las cookies son peque\u00f1os archivos de texto que se almacenan en tu dispositivo (ordenador, tablet, smartphone) cuando visitas determinadas p\u00e1ginas web. Su funci\u00f3n principal es permitir que el sitio web recuerde tu visita y mejore tu experiencia como usuario.<\/p>\n<p>\u00a0<\/p>\n<h3><b>Tipos de cookies que utiliza esta web<\/b><\/h3>\n<p>En este sitio web, <a href=\"https:\/\/www.nonlledeasmaisvoltas.gal\/es\/\">https:\/\/nonlledeasmaisvoltas.gal\/<\/a>, utilizamos cookies propias y de terceros para diversos fines:<\/p>\n<p>\u00a0<\/p>\n<h4><b>1. <\/b><b>Cookies t\u00e9cnicas (necesarias)<\/b><\/h4>\n<p>Estas cookies son esenciales para el correcto funcionamiento del sitio web y no requieren tu consentimiento.<\/p>\n<p>\u00a0<\/p>\n<h4><b>2. <\/b><b>Cookies de an\u00e1lisis (Google Analytics)<\/b><\/h4>\n<p>Utilizamos cookies de Google Analytics para recopilar informaci\u00f3n an\u00f3nima sobre c\u00f3mo los visitantes utilizan nuestro sitio web (por ejemplo, qu\u00e9 p\u00e1ginas visitan, cu\u00e1nto tiempo permanecen, etc.). Esto nos ayuda a mejorar nuestros contenidos y servicios.<\/p>\n<p><b>Proveedor:<\/b> Google LLC<\/p>\n<p><b>Finalidad:<\/b> Anal\u00edtica web<\/p>\n<p><b>Base jur\u00eddica:<\/b> Consentimiento del usuario<\/p>\n<p><b>Transferencias internacionales:<\/b> S\u00ed, a Estados Unidos. Google est\u00e1 adherido al marco de privacidad de datos UE-EE.UU. (Data Privacy Framework).<\/p>\n<p><b>Plazo de conservaci\u00f3n:<\/b> Hasta 2 a\u00f1os.<\/p>\n<p>\u00a0<\/p>\n<h3><b>\u00bfC\u00f3mo puedes gestionar las cookies?<\/b><\/h3>\n<p>Al acceder a nuestro sitio web por primera vez, ver\u00e1s un <b>banner de cookies<\/b> que te permite:<\/p>\n<p>\u00a0<\/p>\n<ul>\n<li>\n<p><b>Aceptar todas las cookies<\/b><b><\/b><\/p>\n<\/li>\n<li>\n<p><b>Rechazar todas las cookies no necesarias<\/b><b><\/b><\/p>\n<\/li>\n<li>\n<p><b>Configurar tus preferencias<\/b><\/p>\n<\/li>\n<\/ul>\n<p>Puedes cambiar tu consentimiento o retirar tu autorizaci\u00f3n en cualquier momento desde el <b>enlace de configuraci\u00f3n de cookies<\/b> al pie de p\u00e1gina.<\/p>\n<p>Tambi\u00e9n puedes configurar tu navegador para rechazar o eliminar cookies ya instaladas. A continuaci\u00f3n te facilitamos enlaces con instrucciones seg\u00fan tu navegador:<\/p>\n<p>\u00a0<\/p>\n<ul>\n<li>\n<p><a href=\"https:\/\/support.google.com\/chrome\/answer\/95647?hl=es\">Google Chrome<\/a><\/p>\n<\/li>\n<li>\n<p><a href=\"https:\/\/support.mozilla.org\/es\/kb\/habilitar-y-deshabilitar-cookies-sitios-web\">Mozilla Firefox<\/a><\/p>\n<\/li>\n<li>\n<p><a href=\"https:\/\/support.apple.com\/es-es\/guide\/safari\/sfri11471\/mac\">Safari<\/a><\/p>\n<\/li>\n<li>\n<p><a href=\"https:\/\/support.microsoft.com\/es-es\/microsoft-edge\/eliminar-cookies-en-microsoft-edge-63947406-40ac-c3b8-57b9-2a946a29ae09\">Microsoft Edge<\/a><\/p>\n<\/li>\n<\/ul>\n<h3><b>Responsable del tratamiento<\/b><\/h3>\n<p><b>Titular:<\/b>\u00a0CONSELLO REGULADOR DENOMINACION DE ORIXE MONTERREI, con CIF: ESQ8255203E<\/p>\n<p><b>Correo electr\u00f3nico de contacto:<\/b>\u00a0info@domonterrei.com<\/p>\n<p>\u00a0<\/p>\n<h3><b>Modificaciones de esta pol\u00edtica<\/b><\/h3>\n<p>Nos reservamos el derecho de modificar esta Pol\u00edtica de Cookies en funci\u00f3n de exigencias legislativas o t\u00e9cnicas. Se recomienda revisar esta p\u00e1gina de forma peri\u00f3dica.<\/p>\t\t\t\t\t\t\t\t<\/div>\n\t\t\t\t<\/div>\n\t\t<div data-particle_enable=\"false\" data-particle-mobile-disabled=\"false\" class=\"elementor-element elementor-element-cd51448 e-con-full e-flex e-con e-child\" data-id=\"cd51448\" data-element_type=\"container\" data-settings=\"{&quot;background_background&quot;:&quot;classic&quot;}\">\n\t\t\t\t<div class=\"elementor-element elementor-element-0d00dda elementor-widget__width-initial elementor-widget elementor-widget-image\" data-id=\"0d00dda\" data-element_type=\"widget\" data-widget_type=\"image.default\">\n\t\t\t\t<div class=\"elementor-widget-container\">\n\t\t\t\t\t\t\t\t\t\t\t\t\t\t\t<img decoding=\"async\" width=\"397\" height=\"58\" src=\"https:\/\/www.nonlledeasmaisvoltas.gal\/wp-content\/uploads\/2025\/05\/monterrei-logo_Mesa-de-trabajo-1.svg\" class=\"attachment-large size-large wp-image-67\" alt=\"\" \/>\t\t\t\t\t\t\t\t\t\t\t\t\t\t\t<\/div>\n\t\t\t\t<\/div>\n\t\t\t\t<\/div>\n\t\t\t\t\t<\/div>\n\t\t\t\t<\/div>\n\t\t\t\t<\/div>","protected":false},"excerpt":{"rendered":"<p>\u00a0 Pol\u00edtica de Cookies \u00a0 \u00bfQu\u00e9 son las cookies? Las cookies son peque\u00f1os archivos de texto que se almacenan en tu dispositivo (ordenador, tablet, smartphone) cuando visitas determinadas p\u00e1ginas web. Su funci\u00f3n principal es permitir que el sitio web recuerde tu visita y mejore tu experiencia como usuario. \u00a0 Tipos de cookies que utiliza esta [&hellip;]<\/p>","protected":false},"author":1,"featured_media":0,"parent":0,"menu_order":0,"comment_status":"closed","ping_status":"closed","template":"elementor_canvas","meta":{"inline_featured_image":false,"footnotes":""},"class_list":["post-3","page","type-page","status-publish","hentry"],"_links":{"self":[{"href":"https:\/\/www.nonlledeasmaisvoltas.gal\/es\/wp-json\/wp\/v2\/pages\/3","targetHints":{"allow":["GET"]}}],"collection":[{"href":"https:\/\/www.nonlledeasmaisvoltas.gal\/es\/wp-json\/wp\/v2\/pages"}],"about":[{"href":"https:\/\/www.nonlledeasmaisvoltas.gal\/es\/wp-json\/wp\/v2\/types\/page"}],"author":[{"embeddable":true,"href":"https:\/\/www.nonlledeasmaisvoltas.gal\/es\/wp-json\/wp\/v2\/users\/1"}],"replies":[{"embeddable":true,"href":"https:\/\/www.nonlledeasmaisvoltas.gal\/es\/wp-json\/wp\/v2\/comments?post=3"}],"version-history":[{"count":5,"href":"https:\/\/www.nonlledeasmaisvoltas.gal\/es\/wp-json\/wp\/v2\/pages\/3\/revisions"}],"predecessor-version":[{"id":1289,"href":"https:\/\/www.nonlledeasmaisvoltas.gal\/es\/wp-json\/wp\/v2\/pages\/3\/revisions\/1289"}],"wp:attachment":[{"href":"https:\/\/www.nonlledeasmaisvoltas.gal\/es\/wp-json\/wp\/v2\/media?parent=3"}],"curies":[{"name":"wp","href":"https:\/\/api.w.org\/{rel}","templated":true}]}}